{"id":99,"date":"2017-02-20T15:27:14","date_gmt":"2017-02-20T14:27:14","guid":{"rendered":"http:\/\/localhost\/wordpress\/event\/?page_id=99"},"modified":"2020-05-07T09:45:36","modified_gmt":"2020-05-07T07:45:36","slug":"patricia-essmen","status":"publish","type":"page","link":"https:\/\/www.rockverband.de\/2017\/?page_id=99","title":{"rendered":"Digitales Mixen"},"content":{"rendered":"<p><a href=\"http:\/\/www.rockverband.de\/2017\/wp-content\/uploads\/2017\/02\/editor.jpg\"><img loading=\"lazy\" decoding=\"async\" class=\"alignright size-large wp-image-1125\" src=\"http:\/\/www.rockverband.de\/2017\/wp-content\/uploads\/2017\/02\/editor-1024x575.jpg\" alt=\"\" width=\"819\" height=\"454\" \/><\/a>Popularmusik lebt nicht nur vom musikalischen Handwerk. Sie ist stark mit technischen Erfordernissen verbunden. In Zeiten der fortschreitenden Digitalisierung bleibt auch die Musikproduktion seit Jahren nicht davon verschont.<\/p>\n<p>Der BRV bietet an Hand von \u00fcberschaubaren technischen M\u00f6glichkeiten eine Workshop zur Umsetzung vom musikalischen Zusammenspiel auf Liveb\u00fchnen an.<\/p>\n<p>Inhalte:<\/p>\n<ul>\n<li>Grundlegende Nutzung des Digitalpultes<\/li>\n<li>Erweiterung der Steuerm\u00f6glichkeiten<\/li>\n<li>Ben\u00f6tigte Ger\u00e4te<\/li>\n<li>Kosten der Erweiterung<\/li>\n<li>Technische Realisierung<\/li>\n<li>Nutzungsm\u00f6glichkeiten der Fernsteuerung<\/li>\n<li>Vor- und Nachteile, Verl\u00e4sslichkeit<\/li>\n<li>Diskussion<\/li>\n<\/ul>\n<p>Als vor &#8222;Ort Mischpult&#8220; dient ein Yamaha LS9. Dieses Pult ist Vielen bekannt und weit verbreitet. Zu dem ist es auch f\u00fcr Newcomer erschwinglich. Der Workshop l\u00e4sst aber auch die M\u00f6glichkeit offen gleiches an Hand eines Behringer X32, Yamaha TF5, Yamaha DM1000 oder Midas M32 zu erl\u00e4utern. Alle dargestelten Erl\u00e4uterungen k\u00f6nnen w\u00e4rend des Workshops live getestet werden.<\/p>\n","protected":false},"excerpt":{"rendered":"<p>Popularmusik lebt nicht nur vom musikalischen Handwerk. Sie ist stark mit technischen Erfordernissen verbunden. In Zeiten der fortschreitenden Digitalisierung bleibt&hellip; <\/p>\n","protected":false},"author":1,"featured_media":771,"parent":0,"menu_order":0,"comment_status":"closed","ping_status":"closed","template":"","meta":{"footnotes":"","_links_to":"","_links_to_target":""},"class_list":["post-99","page","type-page","status-publish","has-post-thumbnail","hentry"],"_links":{"self":[{"href":"https:\/\/www.rockverband.de\/2017\/index.php?rest_route=\/wp\/v2\/pages\/99","targetHints":{"allow":["GET"]}}],"collection":[{"href":"https:\/\/www.rockverband.de\/2017\/index.php?rest_route=\/wp\/v2\/pages"}],"about":[{"href":"https:\/\/www.rockverband.de\/2017\/index.php?rest_route=\/wp\/v2\/types\/page"}],"author":[{"embeddable":true,"href":"https:\/\/www.rockverband.de\/2017\/index.php?rest_route=\/wp\/v2\/users\/1"}],"replies":[{"embeddable":true,"href":"https:\/\/www.rockverband.de\/2017\/index.php?rest_route=%2Fwp%2Fv2%2Fcomments&post=99"}],"version-history":[{"count":8,"href":"https:\/\/www.rockverband.de\/2017\/index.php?rest_route=\/wp\/v2\/pages\/99\/revisions"}],"predecessor-version":[{"id":1679,"href":"https:\/\/www.rockverband.de\/2017\/index.php?rest_route=\/wp\/v2\/pages\/99\/revisions\/1679"}],"wp:featuredmedia":[{"embeddable":true,"href":"https:\/\/www.rockverband.de\/2017\/index.php?rest_route=\/wp\/v2\/media\/771"}],"wp:attachment":[{"href":"https:\/\/www.rockverband.de\/2017\/index.php?rest_route=%2Fwp%2Fv2%2Fmedia&parent=99"}],"curies":[{"name":"wp","href":"https:\/\/api.w.org\/{rel}","templated":true}]}}