{"id":915,"date":"2017-03-01T16:15:25","date_gmt":"2017-03-01T15:15:25","guid":{"rendered":"http:\/\/www.rockverband.de\/2017\/?page_id=915"},"modified":"2021-07-23T11:56:35","modified_gmt":"2021-07-23T09:56:35","slug":"aktuelles","status":"publish","type":"page","link":"https:\/\/www.rockverband.de\/2017\/?page_id=915","title":{"rendered":"Aktuelles"},"content":{"rendered":"<div class=\"cff-wrapper\"><div class=\"cff-wrapper-ctn \" ><div id=\"cff\"  class=\"cff cff-list-container  cff-default-styles  cff-mob-cols-1 cff-tab-cols-1\"    data-char=\"400\" ><div class=\"cff-posts-wrap\"><div id=\"cff_191729004185736_1341473311358426\" class=\"cff-item cff-link-item author-landesfachverband-f-r-popularmusik-e-v-\" >\n\t<div class=\"cff-author\">\n\t<div class=\"cff-author-text\">\n\t\t\t\t\t<div class=\"cff-page-name cff-author-date\"  style=\"font-size:14px;color:#0d1d31;\" >\n\t\t\t\t<a href=\"https:\/\/facebook.com\/191729004185736\" target=\"_blank\" rel=\"nofollow noopener\"  style=\"font-size:14px;color:#0d1d31;\" >Landesfachverband f\u00fcr Popularmusik e. V.<\/a>\n\t\t\t\t<span class=\"cff-story\"> <\/span>\n\t\t\t<\/div>\n\t\t\t\n<p class=\"cff-date\" > 2 months ago <\/p>\n\t\t\t<\/div>\n\t<div class=\"cff-author-img \" data-avatar=\"https:\/\/scontent-fra3-1.xx.fbcdn.net\/v\/t39.30808-1\/310548026_483704930468606_7811526164967336374_n.jpg?stp=cp0_dst-jpg_s50x50_tt6&#038;_nc_cat=108&#038;ccb=1-7&#038;_nc_sid=f907e8&#038;_nc_ohc=V2LT7mSNcO0Q7kNvwEiNGT_&#038;_nc_oc=AdrbDlF1okFmICGzJxf5tpiPMK8dG7HzjSB_Tyh9byAjYX64l4C4KH_TxlPunCUqktM&#038;_nc_zt=24&#038;_nc_ht=scontent-fra3-1.xx&#038;edm=AKK4YLsEAAAA&#038;_nc_gid=M4uPyMxiUyCsJmKsbGLpgQ&#038;_nc_tpa=Q5bMBQHCSA31qvZPe0-B-zN5I-999UquMbFHYCcNsosagHbplNqFFYkC8j7TlVLHSLTVznLXuDr4vYYbiA&#038;oh=00_Af0eTkcSy1IQK3XRelUKOCudStp-ZnSNPNnXz5PunbzRFg&#038;oe=69E6CA65\">\n\t\t<a href=\"https:\/\/facebook.com\/191729004185736\" target=\"_blank\" rel=\"nofollow noopener\"  style=\"font-size:14px;color:#0d1d31;\" ><img decoding=\"async\" src=\"https:\/\/scontent-fra3-1.xx.fbcdn.net\/v\/t39.30808-1\/310548026_483704930468606_7811526164967336374_n.jpg?stp=cp0_dst-jpg_s50x50_tt6&#038;_nc_cat=108&#038;ccb=1-7&#038;_nc_sid=f907e8&#038;_nc_ohc=V2LT7mSNcO0Q7kNvwEiNGT_&#038;_nc_oc=AdrbDlF1okFmICGzJxf5tpiPMK8dG7HzjSB_Tyh9byAjYX64l4C4KH_TxlPunCUqktM&#038;_nc_zt=24&#038;_nc_ht=scontent-fra3-1.xx&#038;edm=AKK4YLsEAAAA&#038;_nc_gid=M4uPyMxiUyCsJmKsbGLpgQ&#038;_nc_tpa=Q5bMBQHCSA31qvZPe0-B-zN5I-999UquMbFHYCcNsosagHbplNqFFYkC8j7TlVLHSLTVznLXuDr4vYYbiA&#038;oh=00_Af0eTkcSy1IQK3XRelUKOCudStp-ZnSNPNnXz5PunbzRFg&#038;oe=69E6CA65\" title=\"Landesfachverband f\u00fcr Popularmusik e. V.\" alt=\"Landesfachverband f\u00fcr Popularmusik e. V.\" width=40 height=40 onerror=\"this.style.display='none'\"><\/a>\n\t<\/div>\n<\/div>\n\n<div class=\"cff-post-text\" >\n\t<span class=\"cff-text\" data-color=\"\">\n\t\tEin rockiges LineUp f\u00fcr <a href=\"https:\/\/facebook.com\/387822603676\">Rock in Caputh<\/a> 2026 und so einfach kommt ihr an die begehrten Tickets \u2764\ufe0f\t\t\t<\/span>\n\t<span class=\"cff-expand\">... <a href=\"#\" style=\"color: #\"><span class=\"cff-more\">See More<\/span><span class=\"cff-less\">See Less<\/span><\/a><\/span>\n\n<\/div>\n\n\n<div class=\"cff-shared-link \" >\n\t<div class=\"cff-text-link cff-no-image\">\n\t\t\t\t\t<p class=\"cff-link-title\" >\n\t\t\t\t<a href=\"https:\/\/www.facebook.com\/191729004185736\/posts\/1341473311358426\" target=\"_blank\"  rel=\"nofollow noopener noreferrer\" style=\"color:#;\">Dieser Inhalt ist momentan nicht verf\u00fcgbar<\/a>\n\t\t\t<\/p>\n\t\t\n\t\t\n\t\t\t\t\t<span class=\"cff-post-desc\" >Dies passiert, wenn der Eigent\u00fcmer den Beitrag nur mit einer kleinen Personengruppe teilt oder er ge\u00e4ndert hat, wer ihn sehen kann. Es kann auch sein, dass der Content inzwischen gel\u00f6scht wurde.<\/span>\n\t\t\n\t<\/div>\n<\/div>\n\n\t<div class=\"cff-post-links\">\n\t\t\t\t\t<a class=\"cff-viewpost-facebook\" href=\"https:\/\/www.facebook.com\/191729004185736\/posts\/1341473311358426\" title=\"View on Facebook\" target=\"_blank\" rel=\"nofollow noopener\" >View on Facebook<\/a>\n\t\t\t\t\t\t\t<div class=\"cff-share-container\">\n\t\t\t\t\t\t\t\t\t<span class=\"cff-dot\" >&middot;<\/span>\n\t\t\t\t\t\t\t\t<a class=\"cff-share-link\" href=\"https:\/\/www.facebook.com\/sharer\/sharer.php?u=https%3A%2F%2Fwww.facebook.com%2F191729004185736%2Fposts%2F1341473311358426\" title=\"Share\" >Share<\/a>\n\t\t\t\t<p class=\"cff-share-tooltip\">\n\t\t\t\t\t\t\t\t\t\t\t<a href=\"https:\/\/www.facebook.com\/sharer\/sharer.php?u=https%3A%2F%2Fwww.facebook.com%2F191729004185736%2Fposts%2F1341473311358426\" target=\"_blank\" rel=\"noopener noreferrer\" class=\"cff-facebook-icon\">\n\t\t\t\t\t\t\t<span class=\"fa fab fa-facebook-square\" aria-hidden=\"true\"><\/span>\n\t\t\t\t\t\t\t<span class=\"cff-screenreader\">Auf Facebook teilen<\/span>\n\t\t\t\t\t\t<\/a>\n\t\t\t\t\t\t\t\t\t\t\t<a href=\"https:\/\/twitter.com\/intent\/tweet?text=https%3A%2F%2Fwww.facebook.com%2F191729004185736%2Fposts%2F1341473311358426\" target=\"_blank\" rel=\"noopener noreferrer\" class=\"cff-twitter-icon\">\n\t\t\t\t\t\t\t<span class=\"fa fab fa-twitter\" aria-hidden=\"true\"><\/span>\n\t\t\t\t\t\t\t<span class=\"cff-screenreader\">Auf Twitter teilen<\/span>\n\t\t\t\t\t\t<\/a>\n\t\t\t\t\t\t\t\t\t\t\t<a href=\"https:\/\/www.linkedin.com\/shareArticle?mini=true&#038;url=https%3A%2F%2Fwww.facebook.com%2F191729004185736%2Fposts%2F1341473311358426&#038;title=%09%09%09Ein%20rockiges%20LineUp%20f%C3%BCr%20Rock%20in%20Caputh%202026%20und%20so%20einfach%20kommt%20ihr%20an%20die%20begehrten%20Tickets%20%E2%9D%A4%EF%B8%8F%09%09%09%09\" target=\"_blank\" rel=\"noopener noreferrer\" class=\"cff-linkedin-icon\">\n\t\t\t\t\t\t\t<span class=\"fa fab fa-linkedin\" aria-hidden=\"true\"><\/span>\n\t\t\t\t\t\t\t<span class=\"cff-screenreader\">Auf LinkedIn teilen<\/span>\n\t\t\t\t\t\t<\/a>\n\t\t\t\t\t\t\t\t\t\t\t<a href=\"mailto:?subject=Facebook&#038;body=https%3A%2F%2Fwww.facebook.com%2F191729004185736%2Fposts%2F1341473311358426%20-%20%0A%0A%09%0A%09%09Ein%20rockiges%20LineUp%20f%C3%BCr%20Rock%20in%20Caputh%202026%20und%20so%20einfach%20kommt%20ihr%20an%20die%20begehrten%20Tickets%20%E2%9D%A4%EF%B8%8F%09%09%09%0A%09\" target=\"_blank\" rel=\"noopener noreferrer\" class=\"cff-email-icon\">\n\t\t\t\t\t\t\t<span class=\"fa fab fa-envelope\" aria-hidden=\"true\"><\/span>\n\t\t\t\t\t\t\t<span class=\"cff-screenreader\">Per E-Mail teilen<\/span>\n\t\t\t\t\t\t<\/a>\n\t\t\t\t\t\t\t\t\t<\/p>\n\t\t\t<\/div>\n\t\t\t<\/div>\n\t<\/div>\n\n\n\n<div id=\"cff_191729004185736_1337543661751391\" class=\"cff-item cff-link-item author-landesfachverband-f-r-popularmusik-e-v-\" >\n\t<div class=\"cff-author\">\n\t<div class=\"cff-author-text\">\n\t\t\t\t\t<div class=\"cff-page-name cff-author-date\"  style=\"font-size:14px;color:#0d1d31;\" >\n\t\t\t\t<a href=\"https:\/\/facebook.com\/191729004185736\" target=\"_blank\" rel=\"nofollow noopener\"  style=\"font-size:14px;color:#0d1d31;\" >Landesfachverband f\u00fcr Popularmusik e. V.<\/a>\n\t\t\t\t<span class=\"cff-story\">  hat seinen\/ihren Status aktualisiert.<\/span>\n\t\t\t<\/div>\n\t\t\t\n<p class=\"cff-date\" > 2 months ago <\/p>\n\t\t\t<\/div>\n\t<div class=\"cff-author-img \" data-avatar=\"https:\/\/scontent-fra3-1.xx.fbcdn.net\/v\/t39.30808-1\/310548026_483704930468606_7811526164967336374_n.jpg?stp=cp0_dst-jpg_s50x50_tt6&#038;_nc_cat=108&#038;ccb=1-7&#038;_nc_sid=f907e8&#038;_nc_ohc=V2LT7mSNcO0Q7kNvwEiNGT_&#038;_nc_oc=AdrbDlF1okFmICGzJxf5tpiPMK8dG7HzjSB_Tyh9byAjYX64l4C4KH_TxlPunCUqktM&#038;_nc_zt=24&#038;_nc_ht=scontent-fra3-1.xx&#038;edm=AKK4YLsEAAAA&#038;_nc_gid=M4uPyMxiUyCsJmKsbGLpgQ&#038;_nc_tpa=Q5bMBQHCSA31qvZPe0-B-zN5I-999UquMbFHYCcNsosagHbplNqFFYkC8j7TlVLHSLTVznLXuDr4vYYbiA&#038;oh=00_Af0eTkcSy1IQK3XRelUKOCudStp-ZnSNPNnXz5PunbzRFg&#038;oe=69E6CA65\">\n\t\t<a href=\"https:\/\/facebook.com\/191729004185736\" target=\"_blank\" rel=\"nofollow noopener\"  style=\"font-size:14px;color:#0d1d31;\" ><img decoding=\"async\" src=\"https:\/\/scontent-fra3-1.xx.fbcdn.net\/v\/t39.30808-1\/310548026_483704930468606_7811526164967336374_n.jpg?stp=cp0_dst-jpg_s50x50_tt6&#038;_nc_cat=108&#038;ccb=1-7&#038;_nc_sid=f907e8&#038;_nc_ohc=V2LT7mSNcO0Q7kNvwEiNGT_&#038;_nc_oc=AdrbDlF1okFmICGzJxf5tpiPMK8dG7HzjSB_Tyh9byAjYX64l4C4KH_TxlPunCUqktM&#038;_nc_zt=24&#038;_nc_ht=scontent-fra3-1.xx&#038;edm=AKK4YLsEAAAA&#038;_nc_gid=M4uPyMxiUyCsJmKsbGLpgQ&#038;_nc_tpa=Q5bMBQHCSA31qvZPe0-B-zN5I-999UquMbFHYCcNsosagHbplNqFFYkC8j7TlVLHSLTVznLXuDr4vYYbiA&#038;oh=00_Af0eTkcSy1IQK3XRelUKOCudStp-ZnSNPNnXz5PunbzRFg&#038;oe=69E6CA65\" title=\"Landesfachverband f\u00fcr Popularmusik e. V.\" alt=\"Landesfachverband f\u00fcr Popularmusik e. V.\" width=40 height=40 onerror=\"this.style.display='none'\"><\/a>\n\t<\/div>\n<\/div>\n\n<div class=\"cff-shared-link \" >\n\t<div class=\"cff-text-link cff-no-image\">\n\t\t\t\t\t<p class=\"cff-link-title\" >\n\t\t\t\t<a href=\"https:\/\/www.facebook.com\/191729004185736\/posts\/1337543661751391\" target=\"_blank\"  rel=\"nofollow noopener noreferrer\" style=\"color:#;\">Dieser Inhalt ist momentan nicht verf\u00fcgbar<\/a>\n\t\t\t<\/p>\n\t\t\n\t\t\n\t\t\t\t\t<span class=\"cff-post-desc\" >Dies passiert, wenn der Eigent\u00fcmer den Beitrag nur mit einer kleinen Personengruppe teilt oder er ge\u00e4ndert hat, wer ihn sehen kann. Es kann auch sein, dass der Content inzwischen gel\u00f6scht wurde.<\/span>\n\t\t\n\t<\/div>\n<\/div>\n\n\t<div class=\"cff-post-links\">\n\t\t\t\t\t<a class=\"cff-viewpost-facebook\" href=\"https:\/\/www.facebook.com\/191729004185736\/posts\/1337543661751391\" title=\"View on Facebook\" target=\"_blank\" rel=\"nofollow noopener\" >View on Facebook<\/a>\n\t\t\t\t\t\t\t<div class=\"cff-share-container\">\n\t\t\t\t\t\t\t\t\t<span class=\"cff-dot\" >&middot;<\/span>\n\t\t\t\t\t\t\t\t<a class=\"cff-share-link\" href=\"https:\/\/www.facebook.com\/sharer\/sharer.php?u=https%3A%2F%2Fwww.facebook.com%2F191729004185736%2Fposts%2F1337543661751391\" title=\"Share\" >Share<\/a>\n\t\t\t\t<p class=\"cff-share-tooltip\">\n\t\t\t\t\t\t\t\t\t\t\t<a href=\"https:\/\/www.facebook.com\/sharer\/sharer.php?u=https%3A%2F%2Fwww.facebook.com%2F191729004185736%2Fposts%2F1337543661751391\" target=\"_blank\" rel=\"noopener noreferrer\" class=\"cff-facebook-icon\">\n\t\t\t\t\t\t\t<span class=\"fa fab fa-facebook-square\" aria-hidden=\"true\"><\/span>\n\t\t\t\t\t\t\t<span class=\"cff-screenreader\">Auf Facebook teilen<\/span>\n\t\t\t\t\t\t<\/a>\n\t\t\t\t\t\t\t\t\t\t\t<a href=\"https:\/\/twitter.com\/intent\/tweet?text=https%3A%2F%2Fwww.facebook.com%2F191729004185736%2Fposts%2F1337543661751391\" target=\"_blank\" rel=\"noopener noreferrer\" class=\"cff-twitter-icon\">\n\t\t\t\t\t\t\t<span class=\"fa fab fa-twitter\" aria-hidden=\"true\"><\/span>\n\t\t\t\t\t\t\t<span class=\"cff-screenreader\">Auf Twitter teilen<\/span>\n\t\t\t\t\t\t<\/a>\n\t\t\t\t\t\t\t\t\t\t\t<a href=\"https:\/\/www.linkedin.com\/shareArticle?mini=true&#038;url=https%3A%2F%2Fwww.facebook.com%2F191729004185736%2Fposts%2F1337543661751391&#038;title=\" target=\"_blank\" rel=\"noopener noreferrer\" class=\"cff-linkedin-icon\">\n\t\t\t\t\t\t\t<span class=\"fa fab fa-linkedin\" aria-hidden=\"true\"><\/span>\n\t\t\t\t\t\t\t<span class=\"cff-screenreader\">Auf LinkedIn teilen<\/span>\n\t\t\t\t\t\t<\/a>\n\t\t\t\t\t\t\t\t\t\t\t<a href=\"mailto:?subject=Facebook&#038;body=https%3A%2F%2Fwww.facebook.com%2F191729004185736%2Fposts%2F1337543661751391%20-%20\" target=\"_blank\" rel=\"noopener noreferrer\" class=\"cff-email-icon\">\n\t\t\t\t\t\t\t<span class=\"fa fab fa-envelope\" aria-hidden=\"true\"><\/span>\n\t\t\t\t\t\t\t<span class=\"cff-screenreader\">Per E-Mail teilen<\/span>\n\t\t\t\t\t\t<\/a>\n\t\t\t\t\t\t\t\t\t<\/p>\n\t\t\t<\/div>\n\t\t\t<\/div>\n\t<\/div>\n\n\n\n<div id=\"cff_191729004185736_1321645473341210\" class=\"cff-item cff-link-item author-landesfachverband-f-r-popularmusik-e-v-\" >\n\t<div class=\"cff-author\">\n\t<div class=\"cff-author-text\">\n\t\t\t\t\t<div class=\"cff-page-name cff-author-date\"  style=\"font-size:14px;color:#0d1d31;\" >\n\t\t\t\t<a href=\"https:\/\/facebook.com\/191729004185736\" target=\"_blank\" rel=\"nofollow noopener\"  style=\"font-size:14px;color:#0d1d31;\" >Landesfachverband f\u00fcr Popularmusik e. V.<\/a>\n\t\t\t\t<span class=\"cff-story\"> <\/span>\n\t\t\t<\/div>\n\t\t\t\n<p class=\"cff-date\" > 3 months ago <\/p>\n\t\t\t<\/div>\n\t<div class=\"cff-author-img \" data-avatar=\"https:\/\/scontent-fra3-1.xx.fbcdn.net\/v\/t39.30808-1\/310548026_483704930468606_7811526164967336374_n.jpg?stp=cp0_dst-jpg_s50x50_tt6&#038;_nc_cat=108&#038;ccb=1-7&#038;_nc_sid=f907e8&#038;_nc_ohc=V2LT7mSNcO0Q7kNvwEiNGT_&#038;_nc_oc=AdrbDlF1okFmICGzJxf5tpiPMK8dG7HzjSB_Tyh9byAjYX64l4C4KH_TxlPunCUqktM&#038;_nc_zt=24&#038;_nc_ht=scontent-fra3-1.xx&#038;edm=AKK4YLsEAAAA&#038;_nc_gid=M4uPyMxiUyCsJmKsbGLpgQ&#038;_nc_tpa=Q5bMBQHCSA31qvZPe0-B-zN5I-999UquMbFHYCcNsosagHbplNqFFYkC8j7TlVLHSLTVznLXuDr4vYYbiA&#038;oh=00_Af0eTkcSy1IQK3XRelUKOCudStp-ZnSNPNnXz5PunbzRFg&#038;oe=69E6CA65\">\n\t\t<a href=\"https:\/\/facebook.com\/191729004185736\" target=\"_blank\" rel=\"nofollow noopener\"  style=\"font-size:14px;color:#0d1d31;\" ><img decoding=\"async\" src=\"https:\/\/scontent-fra3-1.xx.fbcdn.net\/v\/t39.30808-1\/310548026_483704930468606_7811526164967336374_n.jpg?stp=cp0_dst-jpg_s50x50_tt6&#038;_nc_cat=108&#038;ccb=1-7&#038;_nc_sid=f907e8&#038;_nc_ohc=V2LT7mSNcO0Q7kNvwEiNGT_&#038;_nc_oc=AdrbDlF1okFmICGzJxf5tpiPMK8dG7HzjSB_Tyh9byAjYX64l4C4KH_TxlPunCUqktM&#038;_nc_zt=24&#038;_nc_ht=scontent-fra3-1.xx&#038;edm=AKK4YLsEAAAA&#038;_nc_gid=M4uPyMxiUyCsJmKsbGLpgQ&#038;_nc_tpa=Q5bMBQHCSA31qvZPe0-B-zN5I-999UquMbFHYCcNsosagHbplNqFFYkC8j7TlVLHSLTVznLXuDr4vYYbiA&#038;oh=00_Af0eTkcSy1IQK3XRelUKOCudStp-ZnSNPNnXz5PunbzRFg&#038;oe=69E6CA65\" title=\"Landesfachverband f\u00fcr Popularmusik e. V.\" alt=\"Landesfachverband f\u00fcr Popularmusik e. V.\" width=40 height=40 onerror=\"this.style.display='none'\"><\/a>\n\t<\/div>\n<\/div>\n\n<div class=\"cff-post-text\" >\n\t<span class=\"cff-text\" data-color=\"\">\n\t\tDas wird gro\u00dfartig!\t\t\t<\/span>\n\t<span class=\"cff-expand\">... <a href=\"#\" style=\"color: #\"><span class=\"cff-more\">See More<\/span><span class=\"cff-less\">See Less<\/span><\/a><\/span>\n\n<\/div>\n\n\n<div class=\"cff-shared-link \" >\n\t<div class=\"cff-text-link cff-no-image\">\n\t\t\t\t\t<p class=\"cff-link-title\" >\n\t\t\t\t<a href=\"https:\/\/www.facebook.com\/191729004185736\/posts\/1321645473341210\" target=\"_blank\"  rel=\"nofollow noopener noreferrer\" style=\"color:#;\">Dieser Inhalt ist momentan nicht verf\u00fcgbar<\/a>\n\t\t\t<\/p>\n\t\t\n\t\t\n\t\t\t\t\t<span class=\"cff-post-desc\" >Dies passiert, wenn der Eigent\u00fcmer den Beitrag nur mit einer kleinen Personengruppe teilt oder er ge\u00e4ndert hat, wer ihn sehen kann. Es kann auch sein, dass der Content inzwischen gel\u00f6scht wurde.<\/span>\n\t\t\n\t<\/div>\n<\/div>\n\n\t<div class=\"cff-post-links\">\n\t\t\t\t\t<a class=\"cff-viewpost-facebook\" href=\"https:\/\/www.facebook.com\/191729004185736\/posts\/1321645473341210\" title=\"View on Facebook\" target=\"_blank\" rel=\"nofollow noopener\" >View on Facebook<\/a>\n\t\t\t\t\t\t\t<div class=\"cff-share-container\">\n\t\t\t\t\t\t\t\t\t<span class=\"cff-dot\" >&middot;<\/span>\n\t\t\t\t\t\t\t\t<a class=\"cff-share-link\" href=\"https:\/\/www.facebook.com\/sharer\/sharer.php?u=https%3A%2F%2Fwww.facebook.com%2F191729004185736%2Fposts%2F1321645473341210\" title=\"Share\" >Share<\/a>\n\t\t\t\t<p class=\"cff-share-tooltip\">\n\t\t\t\t\t\t\t\t\t\t\t<a href=\"https:\/\/www.facebook.com\/sharer\/sharer.php?u=https%3A%2F%2Fwww.facebook.com%2F191729004185736%2Fposts%2F1321645473341210\" target=\"_blank\" rel=\"noopener noreferrer\" class=\"cff-facebook-icon\">\n\t\t\t\t\t\t\t<span class=\"fa fab fa-facebook-square\" aria-hidden=\"true\"><\/span>\n\t\t\t\t\t\t\t<span class=\"cff-screenreader\">Auf Facebook teilen<\/span>\n\t\t\t\t\t\t<\/a>\n\t\t\t\t\t\t\t\t\t\t\t<a href=\"https:\/\/twitter.com\/intent\/tweet?text=https%3A%2F%2Fwww.facebook.com%2F191729004185736%2Fposts%2F1321645473341210\" target=\"_blank\" rel=\"noopener noreferrer\" class=\"cff-twitter-icon\">\n\t\t\t\t\t\t\t<span class=\"fa fab fa-twitter\" aria-hidden=\"true\"><\/span>\n\t\t\t\t\t\t\t<span class=\"cff-screenreader\">Auf Twitter teilen<\/span>\n\t\t\t\t\t\t<\/a>\n\t\t\t\t\t\t\t\t\t\t\t<a href=\"https:\/\/www.linkedin.com\/shareArticle?mini=true&#038;url=https%3A%2F%2Fwww.facebook.com%2F191729004185736%2Fposts%2F1321645473341210&#038;title=%09%09%09Das%20wird%20gro%C3%9Fartig%21%09%09%09%09\" target=\"_blank\" rel=\"noopener noreferrer\" class=\"cff-linkedin-icon\">\n\t\t\t\t\t\t\t<span class=\"fa fab fa-linkedin\" aria-hidden=\"true\"><\/span>\n\t\t\t\t\t\t\t<span class=\"cff-screenreader\">Auf LinkedIn teilen<\/span>\n\t\t\t\t\t\t<\/a>\n\t\t\t\t\t\t\t\t\t\t\t<a href=\"mailto:?subject=Facebook&#038;body=https%3A%2F%2Fwww.facebook.com%2F191729004185736%2Fposts%2F1321645473341210%20-%20%0A%0A%09%0A%09%09Das%20wird%20gro%C3%9Fartig%21%09%09%09%0A%09\" target=\"_blank\" rel=\"noopener noreferrer\" class=\"cff-email-icon\">\n\t\t\t\t\t\t\t<span class=\"fa fab fa-envelope\" aria-hidden=\"true\"><\/span>\n\t\t\t\t\t\t\t<span class=\"cff-screenreader\">Per E-Mail teilen<\/span>\n\t\t\t\t\t\t<\/a>\n\t\t\t\t\t\t\t\t\t<\/p>\n\t\t\t<\/div>\n\t\t\t<\/div>\n\t<\/div>\n\n\n\n<\/div><input class=\"cff-pag-url\" type=\"hidden\" data-locatornonce=\"47ae10a067\" data-cff-shortcode=\"\" data-post-id=\"915\" data-feed-id=\"191729004185736\"><\/div><\/div><div class=\"cff-clear\"><\/div><\/div>\n","protected":false},"excerpt":{"rendered":"","protected":false},"author":1,"featured_media":0,"parent":0,"menu_order":0,"comment_status":"closed","ping_status":"closed","template":"","meta":{"footnotes":"","_links_to":"","_links_to_target":""},"class_list":["post-915","page","type-page","status-publish","hentry"],"_links":{"self":[{"href":"https:\/\/www.rockverband.de\/2017\/index.php?rest_route=\/wp\/v2\/pages\/915","targetHints":{"allow":["GET"]}}],"collection":[{"href":"https:\/\/www.rockverband.de\/2017\/index.php?rest_route=\/wp\/v2\/pages"}],"about":[{"href":"https:\/\/www.rockverband.de\/2017\/index.php?rest_route=\/wp\/v2\/types\/page"}],"author":[{"embeddable":true,"href":"https:\/\/www.rockverband.de\/2017\/index.php?rest_route=\/wp\/v2\/users\/1"}],"replies":[{"embeddable":true,"href":"https:\/\/www.rockverband.de\/2017\/index.php?rest_route=%2Fwp%2Fv2%2Fcomments&post=915"}],"version-history":[{"count":6,"href":"https:\/\/www.rockverband.de\/2017\/index.php?rest_route=\/wp\/v2\/pages\/915\/revisions"}],"predecessor-version":[{"id":1859,"href":"https:\/\/www.rockverband.de\/2017\/index.php?rest_route=\/wp\/v2\/pages\/915\/revisions\/1859"}],"wp:attachment":[{"href":"https:\/\/www.rockverband.de\/2017\/index.php?rest_route=%2Fwp%2Fv2%2Fmedia&parent=915"}],"curies":[{"name":"wp","href":"https:\/\/api.w.org\/{rel}","templated":true}]}}