{"id":2287,"date":"2024-04-03T14:29:00","date_gmt":"2024-04-03T12:29:00","guid":{"rendered":"https:\/\/www.rockverband.de\/2017\/?page_id=2287"},"modified":"2024-04-03T14:29:27","modified_gmt":"2024-04-03T12:29:27","slug":"checkout-2","status":"publish","type":"page","link":"https:\/\/www.rockverband.de\/2017\/?page_id=2287","title":{"rendered":"Eventlocations"},"content":{"rendered":"\n<p>Der LVPOP unterst\u00fctzt die Plattform WAT &amp; WO! Hier k\u00f6nnt Ihr Infos zu Orten der Popularmusik im Land Brandenburg finden. <\/p>\n\n\n\n<p><\/p>\n\n\n\n<p>Geht auf die Suche nach K\u00fcnstler:innen, nach Produzent:innen, nach Manager:innen, nach Auftritts- und Pr\u00e4sentationsm\u00f6glichkeiten, nach kultureller Bildung, nach popularmusikalischen und\/ oder soziokulturellen Strukturen. Nach entsprechenden festen sowie tempor\u00e4ren Strukturen wie z.B. Zentren und Festivals. <\/p>\n\n\n\n<p><strong><a href=\"https:\/\/watundwo.de\" target=\"_blank\" rel=\"noreferrer noopener\">Zur WAT &amp; WO Karte .<\/a>..<\/strong><\/p>\n","protected":false},"excerpt":{"rendered":"<p>Der LVPOP unterst\u00fctzt die Plattform WAT &amp; WO! Hier k\u00f6nnt Ihr Infos zu Orten der Popularmusik im Land Brandenburg finden.&hellip; <\/p>\n","protected":false},"author":1,"featured_media":0,"parent":0,"menu_order":0,"comment_status":"closed","ping_status":"closed","template":"","meta":{"footnotes":"","_links_to":"","_links_to_target":""},"class_list":["post-2287","page","type-page","status-publish","hentry"],"_links":{"self":[{"href":"https:\/\/www.rockverband.de\/2017\/index.php?rest_route=\/wp\/v2\/pages\/2287","targetHints":{"allow":["GET"]}}],"collection":[{"href":"https:\/\/www.rockverband.de\/2017\/index.php?rest_route=\/wp\/v2\/pages"}],"about":[{"href":"https:\/\/www.rockverband.de\/2017\/index.php?rest_route=\/wp\/v2\/types\/page"}],"author":[{"embeddable":true,"href":"https:\/\/www.rockverband.de\/2017\/index.php?rest_route=\/wp\/v2\/users\/1"}],"replies":[{"embeddable":true,"href":"https:\/\/www.rockverband.de\/2017\/index.php?rest_route=%2Fwp%2Fv2%2Fcomments&post=2287"}],"version-history":[{"count":2,"href":"https:\/\/www.rockverband.de\/2017\/index.php?rest_route=\/wp\/v2\/pages\/2287\/revisions"}],"predecessor-version":[{"id":2289,"href":"https:\/\/www.rockverband.de\/2017\/index.php?rest_route=\/wp\/v2\/pages\/2287\/revisions\/2289"}],"wp:attachment":[{"href":"https:\/\/www.rockverband.de\/2017\/index.php?rest_route=%2Fwp%2Fv2%2Fmedia&parent=2287"}],"curies":[{"name":"wp","href":"https:\/\/api.w.org\/{rel}","templated":true}]}}