{"id":179,"date":"2016-08-14T04:06:55","date_gmt":"2016-08-14T04:06:55","guid":{"rendered":"http:\/\/localhost\/wordpress\/event\/?page_id=179"},"modified":"2025-10-07T17:11:47","modified_gmt":"2025-10-07T15:11:47","slug":"blog","status":"publish","type":"page","link":"https:\/\/www.rockverband.de\/2017\/?page_id=179","title":{"rendered":"Der LV POP"},"content":{"rendered":"<button id=\"listenButton1\" class=\"responsivevoice-button\" type=\"button\" value=\"Play\" title=\"ResponsiveVoice Tap to Start\/Stop Speech\"><span>&#128266; Seite vorlesen<\/span><\/button>\n        <script>\n            listenButton1.onclick = function(){\n                if(responsiveVoice.isPlaying()){\n                    responsiveVoice.cancel();\n                }else{\n                    responsiveVoice.speak(\"LV POP - Was ist das? Landesfachverband f\u00fcr Popularmusik Brandenburg (LV POP), beim Landesmusikrat Brandenburg Der LV POP (ehemals Brandenburgischer Rockmusikerverband e.V.) arbeitet seit 1990 ehrenamtlich landesweit im Bereich der F\u00f6rderung der Popularmusik. Er ist aus einer Reihe von Musikinitiativen, Musikschaffenden und Musikwirtschaftlern entstanden, die teilweise bis zum heutigen Zeitpunkt noch Mitglieder sind oder auch in Netzwerken an der Umsetzung der Zielstellungen mitwirken. Peter Lehmann (ehmaliger Vorsitzender BRV e.V.) \u00fcber den Verein 2011 im Video: Unser Profil: Der Zweck des Vereins wird insbesondere erf\u00fcllt durch: F\u00f6rderung der Kommunikation zwischen Musikern Der Verband war unter anderem Ausrichter des 2. Bundeskongress der Popularmusik Partner vieler nationaler und internationaler Konzertveranstalter (zum Beispiel: Haltestelle Woodstock) 2018 verf\u00fcgt der LV POP \u00fcber 4 Standorte im Land Brandenburg. Das sind: die Stadt Brandenburg, Wriezen, Bad Belzig und Cottbus und wirkt dar\u00fcber hinaus in die l\u00e4ndlichen Regionen durch Workshopangebote, Beratungen, Veranstaltungen \/ Konzerte Hat ein landesweites Netzwerk zu Veranstaltern (Havelfest Brandenburg, Bunter Hering Frankfurt\/ Oder, Kulturverein Angerm\u00fcnde, Jugendklub Zossen, Waschhaus Potsdam, Oranienwerk) Bietet den Bands professionelle Bandcoachs (J\u00e4cki Reznicek - Silly, Max Punstein - Musikakademie Kaiserslautern, Dirk Ballarin - Europeanmanager-David Knopfler) Partner des gr\u00f6\u00dften Nonprofit-Wettbewerbes Deutschlands (Local Heroes) Ausrichter des Landesrockwettbewerbes seit 1991 Verf\u00fcgt \u00fcber ein Jahresbudget von 35 T\u20ac durch Zuweisung des MFWFK (Stand 2025) Satzung einsehen ... Warum Mitglied werden F\u00f6rderungDer Landesfachverband f\u00fcr Popularmusik Brandenburg (LV POP), stellt jedes Jahr f\u00fcnfstellige Summen f\u00fcr die Unterst\u00fctzung von euren Musikprojekten zur Verf\u00fcgung. Das k\u00f6nnen selbst organiserte Konzerte oder zum Beispiel auch Initiativen zur musikalischen F\u00f6rderung sein. Voraussetzung ist, das die Sache einen nichtkommerziellen Charakter besitzt und ihr euch mit mindestens 20% selbst beteiligt. Es sollte vorwiegend dem Nachwuchs zu Gute kommen.Selbstverst\u00e4ndlich werden auch Nicht-Mitglieder unterst\u00fctzt, nur werden Mitglieder des LV POP in jedem Fall bevorzugt. Das Geld ist knapp und die Ideen vielseitig, eine Mitgliedschaft lohnt sich also. Der LV POP hilft euch nicht nur finaziell, sondern greift auch bei der Organisation und Durchf\u00fchrung unter die Arme und stellt bei Bedarf auch ausreichend Equipment und Fachpersonal zur Verf\u00fcgung. \u201elocal heroes\u201c BrandenburgDer offizielle Wettbewerb sucht das beste Popularmusikprojekt im Land Brandenburg. Doch nicht nur die Gewinner profitieren hier! Wir bewerten in einem gemeinsamen Verfahren von Jury, Publikum und Teilnehmern die einzelnen Beitr\u00e4ge und vergeben j\u00e4hrlich attaktive Preise (finanzellen Unterst\u00fctzungen des Projektes oder einer Einzelleistung, Coachings mit renomierten Musikern, attraktiven Auftritten). Zudem vertritt der Sieger Brandenburg beim Bunderswettbewerb \u201elocal heroes\u201c. Workshops & SeminareDer LV POP f\u00fchrt regelm\u00e4\u00dfig Workshops und Seminare in unterschiedlichen Bereichen durch zum Beispiel: Technik Workshop \u201eDigitales Mixen\u201c, Live Workshop \u201eVom Proberaum auf die B\u00fchne\u201c, Gitarren- und Drumworkshop (Unterricht an der Rock-Gitarre und Drums), Bandcoaching \u201eDein Song\u201c, Bandcoaching \u201eMein Konzert\u201c, Bandcoaching \u201eMarketing im Newcomerbereich\u201c, Musik mit Ipads (Einsteigerworkshops ab 10 Jahre auch vor Ort in kleinen Gruppen) Mobile Technik & LiveeventsRock mobil: Das Projekt besteht aus einem kompletten Bandequipment f\u00fcr den mobilen und station\u00e4ren Einsatz. Studio & Prober\u00e4ume: Als Mitglieder habt ihr die M\u00f6glichkeit, Aufnahme-Studios von LV POP-Mitgliedern kosteng\u00fcnstiger zu mieten. Veranstaltungstechnik & Auftrittsm\u00f6glichkeiten: Wir stellen euch Equipment g\u00fcnstig zur Verf\u00fcgung. Wir bieten in Zusammenarbeit mit Partnern j\u00e4hrlich verschiedene M\u00f6glichkeiten eurer K\u00f6nnen der \u00d6ffentlichkeit zug\u00e4nglich zu machen. Was kostet die Mitgliedschaft?Die Mitgliedschaft kostet dich nur sage und schreibe 10,00 Euro im Jahr.Die Mitgliedschaft kannst du ohne Einhaltung einer Frist kostenlos k\u00fcndigen. Antrag downloaden ...Herunterladen\", \"Deutsch Male\");\n                }\n            };\n        <\/script>\n    \n\n\n\n<h4 class=\"wp-block-heading\">&nbsp;<\/h4>\n\n\n\n<h4 class=\"wp-block-heading line\">LV POP &#8211; Was ist das?<\/h4>\n\n\n\n<p><strong>Landesfachverband f\u00fcr Popularmusik Brandenburg (LV POP), beim Landesmusikrat Brandenburg<\/strong><\/p>\n\n\n\n<p>Der LV POP (ehemals Brandenburgischer Rockmusikerverband e.V.) arbeitet seit 1990 ehrenamtlich  landesweit im Bereich der F\u00f6rderung der Popularmusik. Er ist aus einer Reihe von Musikinitiativen, Musikschaffenden und Musikwirtschaftlern entstanden, die teilweise bis zum heutigen Zeitpunkt noch Mitglieder sind oder auch in Netzwerken an der Umsetzung der Zielstellungen mitwirken.<\/p>\n\n\n\n<p>&nbsp;<\/p>\n\n\n\n<p><strong>Peter Lehmann (ehmaliger Vorsitzender BRV e.V.) \u00fcber den Verein 2011 im Video<\/strong>:<\/p>\n\n\n<p><iframe loading=\"lazy\" title=\"Der BRV\" width=\"819\" height=\"461\" src=\"https:\/\/www.youtube.com\/embed\/VA8NOxMJpEg?feature=oembed\" frameborder=\"0\" allow=\"accelerometer; autoplay; clipboard-write; encrypted-media; gyroscope; picture-in-picture; web-share\" referrerpolicy=\"strict-origin-when-cross-origin\" allowfullscreen><\/iframe><\/p>\n\n\n\n<h4 class=\"wp-block-heading line\">Unser Profil:<\/h4>\n\n\n\n<p><strong>Der Zweck des Vereins wird insbesondere erf\u00fcllt durch:<\/strong><\/p>\n\n\n\n<p>F\u00f6rderung der Kommunikation zwischen Musikern<\/p>\n\n\n\n<ul class=\"wp-block-list\">\n<li>Der Verband war unter anderem Ausrichter des 2. Bundeskongress der Popularmusik<\/li>\n\n\n\n<li>Partner vieler nationaler und internationaler Konzertveranstalter (zum Beispiel: Haltestelle Woodstock)<\/li>\n\n\n\n<li>2018 verf\u00fcgt der LV POP \u00fcber 4 Standorte im Land Brandenburg. Das sind: die Stadt Brandenburg, Wriezen, Bad Belzig und Cottbus und wirkt dar\u00fcber hinaus in die l\u00e4ndlichen Regionen durch&nbsp; Workshopangebote, Beratungen, Veranstaltungen \/ Konzerte<\/li>\n\n\n\n<li>Hat ein landesweites Netzwerk zu Veranstaltern (Havelfest Brandenburg, Bunter Hering Frankfurt\/ Oder, Kulturverein Angerm\u00fcnde, Jugendklub Zossen, Waschhaus Potsdam, Oranienwerk)<\/li>\n\n\n\n<li>Bietet den Bands professionelle Bandcoachs (J\u00e4cki Reznicek &#8211; Silly, Max Punstein &#8211; Musikakademie Kaiserslautern, Dirk Ballarin &#8211; Europeanmanager-David Knopfler)<\/li>\n\n\n\n<li>Partner des gr\u00f6\u00dften Nonprofit-Wettbewerbes Deutschlands (Local Heroes)<\/li>\n\n\n\n<li>Ausrichter des Landesrockwettbewerbes seit 1991<\/li>\n\n\n\n<li>Verf\u00fcgt \u00fcber ein Jahresbudget von 35 T\u20ac durch Zuweisung des MFWFK (Stand 2025)<\/li>\n<\/ul>\n\n\n\n<p><a href=\"https:\/\/www.rockverband.de\/2017\/wp-content\/uploads\/2020\/07\/satzung_12_2019.pdf\">Satzung einsehen &#8230;<\/a><\/p>\n\n\n\n<h4 class=\"wp-block-heading line\">Warum Mitglied werden<\/h4>\n\n\n\n<p><strong>F\u00f6rderung<\/strong><br>Der Landesfachverband f\u00fcr Popularmusik Brandenburg (LV POP), stellt jedes Jahr f\u00fcnfstellige Summen f\u00fcr die Unterst\u00fctzung von euren Musikprojekten zur Verf\u00fcgung. Das k\u00f6nnen selbst organiserte Konzerte oder zum Beispiel auch Initiativen zur musikalischen F\u00f6rderung sein. Voraussetzung ist, das die Sache einen nichtkommerziellen Charakter besitzt und ihr euch mit mindestens 20% selbst beteiligt. Es sollte vorwiegend dem Nachwuchs zu Gute kommen.<br>Selbstverst\u00e4ndlich werden auch Nicht-Mitglieder unterst\u00fctzt, nur werden Mitglieder des LV POP in jedem Fall bevorzugt. Das Geld ist knapp und die Ideen vielseitig, eine Mitgliedschaft lohnt sich also. Der LV POP hilft euch nicht nur finaziell, sondern greift auch bei der Organisation und Durchf\u00fchrung unter die Arme und stellt bei Bedarf auch ausreichend Equipment und Fachpersonal zur Verf\u00fcgung.<\/p>\n\n\n<p><iframe loading=\"lazy\" title=\"Besuch bei Ramaze\" width=\"819\" height=\"614\" src=\"https:\/\/www.youtube.com\/embed\/t75OOk6BItI?start=2&#038;feature=oembed\" frameborder=\"0\" allow=\"accelerometer; autoplay; clipboard-write; encrypted-media; gyroscope; picture-in-picture; web-share\" referrerpolicy=\"strict-origin-when-cross-origin\" allowfullscreen><\/iframe><\/p>\n\n\n\n<p><strong>\u201elocal heroes\u201c Brandenburg<\/strong><br>Der offizielle Wettbewerb sucht das beste Popularmusikprojekt im Land Brandenburg. Doch nicht nur die Gewinner profitieren hier! Wir bewerten in einem gemeinsamen Verfahren von Jury, Publikum und Teilnehmern die einzelnen Beitr\u00e4ge und vergeben j\u00e4hrlich attaktive Preise (finanzellen Unterst\u00fctzungen des Projektes oder einer Einzelleistung, Coachings mit renomierten Musikern, attraktiven Auftritten). Zudem vertritt der Sieger Brandenburg beim Bunderswettbewerb \u201elocal heroes\u201c.<\/p>\n\n\n\n<p><strong>Workshops &amp; Seminare<\/strong><br>Der LV POP f\u00fchrt regelm\u00e4\u00dfig Workshops und Seminare in unterschiedlichen Bereichen durch zum Beispiel: Technik Workshop \u201eDigitales Mixen\u201c, Live Workshop \u201eVom Proberaum auf die B\u00fchne\u201c, Gitarren- und Drumworkshop (Unterricht an der Rock-Gitarre und Drums), Bandcoaching \u201eDein Song\u201c, Bandcoaching \u201eMein Konzert\u201c, Bandcoaching \u201eMarketing im Newcomerbereich\u201c, Musik mit Ipads (Einsteigerworkshops ab 10 Jahre auch vor Ort in kleinen Gruppen)<\/p>\n\n\n\n<p><strong>Mobile Technik &amp; Liveevents<\/strong><br>Rock mobil: Das Projekt besteht aus einem kompletten Bandequipment f\u00fcr den mobilen und station\u00e4ren Einsatz.<\/p>\n\n\n\n<p><strong>Studio &amp; Prober\u00e4ume:<\/strong> Als Mitglieder habt ihr die M\u00f6glichkeit, Aufnahme-Studios von LV POP-Mitgliedern kosteng\u00fcnstiger zu mieten.<\/p>\n\n\n\n<p><strong>Veranstaltungstechnik &amp; Auftrittsm\u00f6glichkeiten:<\/strong> Wir stellen euch Equipment g\u00fcnstig zur Verf\u00fcgung. Wir bieten in Zusammenarbeit mit Partnern j\u00e4hrlich verschiedene M\u00f6glichkeiten eurer K\u00f6nnen der \u00d6ffentlichkeit zug\u00e4nglich zu machen.<\/p>\n\n\n\n<p><strong>Was kostet die Mitgliedschaft?<\/strong><br>Die Mitgliedschaft kostet dich nur sage und schreibe 10,00 Euro im Jahr.<br>Die Mitgliedschaft kannst du ohne Einhaltung einer Frist kostenlos k\u00fcndigen.<\/p>\n\n\n\n<div class=\"wp-block-file\"><a id=\"wp-block-file--media-a55c7e8e-069e-45f0-a71a-434f7a4f7a32\" href=\"https:\/\/www.rockverband.de\/2017\/wp-content\/uploads\/2025\/10\/antrag_2025.pdf\" target=\"_blank\" rel=\"noreferrer noopener\">Antrag downloaden &#8230;<\/a><a href=\"https:\/\/www.rockverband.de\/2017\/wp-content\/uploads\/2025\/10\/antrag_2025.pdf\" class=\"wp-block-file__button wp-element-button\" download aria-describedby=\"wp-block-file--media-a55c7e8e-069e-45f0-a71a-434f7a4f7a32\">Herunterladen<\/a><\/div>\n\n\n\n<p><\/p>\n","protected":false},"excerpt":{"rendered":"<p>&nbsp; LV POP &#8211; Was ist das? Landesfachverband f\u00fcr Popularmusik Brandenburg (LV POP), beim Landesmusikrat Brandenburg Der LV POP (ehemals&hellip; <\/p>\n","protected":false},"author":1,"featured_media":312,"parent":0,"menu_order":0,"comment_status":"closed","ping_status":"closed","template":"","meta":{"footnotes":"","_links_to":"","_links_to_target":""},"class_list":["post-179","page","type-page","status-publish","has-post-thumbnail","hentry"],"_links":{"self":[{"href":"https:\/\/www.rockverband.de\/2017\/index.php?rest_route=\/wp\/v2\/pages\/179","targetHints":{"allow":["GET"]}}],"collection":[{"href":"https:\/\/www.rockverband.de\/2017\/index.php?rest_route=\/wp\/v2\/pages"}],"about":[{"href":"https:\/\/www.rockverband.de\/2017\/index.php?rest_route=\/wp\/v2\/types\/page"}],"author":[{"embeddable":true,"href":"https:\/\/www.rockverband.de\/2017\/index.php?rest_route=\/wp\/v2\/users\/1"}],"replies":[{"embeddable":true,"href":"https:\/\/www.rockverband.de\/2017\/index.php?rest_route=%2Fwp%2Fv2%2Fcomments&post=179"}],"version-history":[{"count":47,"href":"https:\/\/www.rockverband.de\/2017\/index.php?rest_route=\/wp\/v2\/pages\/179\/revisions"}],"predecessor-version":[{"id":2528,"href":"https:\/\/www.rockverband.de\/2017\/index.php?rest_route=\/wp\/v2\/pages\/179\/revisions\/2528"}],"wp:featuredmedia":[{"embeddable":true,"href":"https:\/\/www.rockverband.de\/2017\/index.php?rest_route=\/wp\/v2\/media\/312"}],"wp:attachment":[{"href":"https:\/\/www.rockverband.de\/2017\/index.php?rest_route=%2Fwp%2Fv2%2Fmedia&parent=179"}],"curies":[{"name":"wp","href":"https:\/\/api.w.org\/{rel}","templated":true}]}}