{"id":101,"date":"2017-02-20T15:26:46","date_gmt":"2017-02-20T14:26:46","guid":{"rendered":"http:\/\/localhost\/wordpress\/event\/?page_id=101"},"modified":"2017-11-29T15:35:27","modified_gmt":"2017-11-29T14:35:27","slug":"jennifer-sanz","status":"publish","type":"page","link":"https:\/\/www.rockverband.de\/2017\/?page_id=101","title":{"rendered":"Musik mit iPads"},"content":{"rendered":"<p><iframe loading=\"lazy\" width=\"790\" height=\"444\" src=\"https:\/\/www.youtube.com\/embed\/6MonRohby-8?feature=oembed\" frameborder=\"0\" gesture=\"media\" allow=\"encrypted-media\" allowfullscreen><\/iframe><\/p>\n<p>Im t\u00e4glichen Umgang nutzen Sch\u00fcler Smartphones, I-phones&#8230; f\u00fcr die Kommunikation untereinander. Jeder dritte Deutsche besitzt heute bereits ein Smartphone. Sp\u00e4testens in zwei Jahren d\u00fcrften Handys ohne Bildschirmsteuerung weitgehend vom Markt verschwunden sein, wie Marktstudien aufzeigen. Smartphones und Tablets bieten sich als Kommunikations-, Spiel- oder Leseger\u00e4te und nicht zuletzt als Musikinstrumente an. Dabei bleibt bei der Zielgruppe die kreative Nutzung zum Erwerb von Medienkompetenz in der Regel ungenutzt. <\/p>\n<p>Das Projekt richtet sich vorrangig an Sch\u00fcler\/Sch\u00fclerinnen im Alter von 12 \u2013 18 Jahre.<br \/>\nEventuelle Problemlagen oder Spezifikationen der TeilnehmerInnen werden erfasst und im Projekt umgesetzt. Hier bei haben die Verfasser insbesondere Menschen mit sozialer Benachteiligung oder Behinderung im Auge.  Durch die Niederschwelligkeit des Projekteinstiegs, ist es auch f\u00fcr integrative Zielgruppen, mit geringer physischer Behinderung geeignet.<br \/>\nDas Projekt eignet sich sowohl f\u00fcr M\u00e4dchen, als auch f\u00fcr Jungs. In der Vorbereitungsphase werden die besonderen Interessenlagen ermittelt. Die Erfahrung aus bereits durchgef\u00fchrten Workshop hat ergeben, dass es geschlechtsspezifische Unterschiede in der tangierende Bed\u00fcrfnisstruktur geben kann. <\/p>\n<p>Im Workshop erfahren die Teilnehmer die erweiterten Einsatzm\u00f6glichkeiten ihrer Ger\u00e4te f\u00fcr das gemeinsame Musizieren. Wir richten dabei den Fokus nicht auf die Ger\u00e4te an sich und deren Funktionalit\u00e4t, sondern m\u00f6chten durch gemeinsames musizieren die Flexibilit\u00e4t dieser Ger\u00e4te erlebbar machen.<br \/>\nWir schaffen musikalische Ausdrucksm\u00f6glichkeiten, die sich \u00fcber die Kreativit\u00e4t des Sch\u00fclers und nicht durch die Bedienung eines Ger\u00e4tes auszeichnet. Es handelt sich hierbei um einen k\u00fcnstlerischen Schaffungsprozess, der alle Strukturphasen der Schaffung eines Kunstproduktes einschlie\u00dft und an dessen Ende ein individuelles oder kollektives Abbild gesellschaftlicher Realit\u00e4t k\u00fcnstlerischen Ausdruck erh\u00e4lt.<br \/>\nWir m\u00f6chten herk\u00f6mmliche Instrumente nicht ersetzen, vielmehr erkennt der Sch\u00fcler den musikalischen Nutzen der neuartigen medialen und technischen Entwicklungen und stellt musikbezogene und gestalterische Fragen in den Fokus des gemeinsamen Musizierens.<\/p>\n<p>Nach der Einf\u00fchrung in die Ger\u00e4te und Software-Module sollen kleine Improvisationen das Verst\u00e4ndnis und die Gruppendynamik st\u00e4rken. Die Arbeit erfolgt in kleinen Gruppen von 2-4 Teilnehmern. Folgende Fragen werden exemplarisch im Fokus des Workshops stehen:<\/p>\n<ul>\n<li>Welche neuartigen Spielweisen gibt es bei den App-Instrumenten?<\/li>\n<li>Wie gestaltet sich das gemeinsame musikalische Spiel mit Smartphones und Tablet-PCs?<\/li>\n<li>Was macht das Musizieren mit mobilen Endger\u00e4ten interessant f\u00fcr die Sch\u00fclerInnen mit geringer musikalischer Erfahrung?<\/li>\n<li>Wie wirkt sich das Musizieren in der Zeit des Workshops auf das individuelle- und auf das Gruppen Verhalten?<\/li>\n<\/ul>\n<p>Der Start in das Projekt steht unter dem Motto \u201eMalen nach Zahlen\u201c. Mit Hilfe von rein intuitiv gestalteten Musik-Applikationen (Baukl\u00f6tzchen-Prinzip) sollen die Jugendlichen spielerisch begreifen, dass man durchaus auch Musik machen kann, ohne \u00fcber eine musikalische Grundausbildung zu verf\u00fcgen. Struktur und Aufbau von moderner elektronischer Musik werden hierbei unterschwellig vermittelt.<br \/>\nSp\u00e4ter kann dann auf semi-professionelle Apps gewechselt werden, welche den g\u00e4ngigsten Programmen in richtigen Musikstudios stark \u00e4hneln. Mit diesen k\u00f6nnten dann in der Weiterf\u00fchrung des Workshops, komplett eigene Komposition erstellt und, durch den zus\u00e4tzlichen Einsatz von unterst\u00fctzender Home-Recording Technik, zu einem \u201erelease-tauglichen\u201c Musikst\u00fcck arrangiert und abgemischt werden.<br \/>\nAnschlie\u00dfend wird dann gemeinsam mit den Jugendlichen er\u00f6rtert, inwiefern ihr Musikst\u00fcck in einem Live-Auftritt umgesetzt werden k\u00f6nnte bei dem nur Tablet-PCs &#038; Smartphones zum Einsatz kommen und eventuell vor Publikum pr\u00e4sentiert.<\/p>\n<p><strong>Anmeldung zum Workshop:<\/strong><\/p>\n\n<div class=\"wpcf7 no-js\" id=\"wpcf7-f1291-o1\" lang=\"de-DE\" dir=\"ltr\" data-wpcf7-id=\"1291\">\n<div class=\"screen-reader-response\"><p role=\"status\" aria-live=\"polite\" aria-atomic=\"true\"><\/p> <ul><\/ul><\/div>\n<form action=\"\/2017\/index.php?rest_route=%2Fwp%2Fv2%2Fpages%2F101#wpcf7-f1291-o1\" method=\"post\" class=\"wpcf7-form init\" aria-label=\"Kontaktformular\" novalidate=\"novalidate\" data-status=\"init\">\n<fieldset class=\"hidden-fields-container\"><input type=\"hidden\" name=\"_wpcf7\" value=\"1291\" \/><input type=\"hidden\" name=\"_wpcf7_version\" value=\"6.1.5\" \/><input type=\"hidden\" name=\"_wpcf7_locale\" value=\"de_DE\" \/><input type=\"hidden\" name=\"_wpcf7_unit_tag\" value=\"wpcf7-f1291-o1\" \/><input type=\"hidden\" name=\"_wpcf7_container_post\" value=\"0\" \/><input type=\"hidden\" name=\"_wpcf7_posted_data_hash\" value=\"\" \/>\n<\/fieldset>\n<p><label> Dein Name (Pflichtfeld)<br \/>\n<span class=\"wpcf7-form-control-wrap\" data-name=\"Name\"><input size=\"40\" maxlength=\"400\" class=\"wpcf7-form-control wpcf7-text wpcf7-validates-as-required\" aria-required=\"true\" aria-invalid=\"false\" value=\"\" type=\"text\" name=\"Name\" \/><\/span> <\/label>\n<\/p>\n<p><label> Dein Vorname (Pflichtfeld)<br \/>\n<span class=\"wpcf7-form-control-wrap\" data-name=\"Vorname\"><input size=\"40\" maxlength=\"400\" class=\"wpcf7-form-control wpcf7-text wpcf7-validates-as-required\" aria-required=\"true\" aria-invalid=\"false\" value=\"\" type=\"text\" name=\"Vorname\" \/><\/span> <\/label>\n<\/p>\n<p><label> Ihre E-Mail-Adresse (Pflichtfeld)<br \/>\n<span class=\"wpcf7-form-control-wrap\" data-name=\"your-email\"><input size=\"40\" maxlength=\"400\" class=\"wpcf7-form-control wpcf7-email wpcf7-validates-as-required wpcf7-text wpcf7-validates-as-email\" aria-required=\"true\" aria-invalid=\"false\" value=\"\" type=\"email\" name=\"your-email\" \/><\/span> <\/label>\n<\/p>\n<p><label> Stra\u00dfe \/ Nr. (Pflichtfeld)<br \/>\n<span class=\"wpcf7-form-control-wrap\" data-name=\"Strasse\"><input size=\"40\" maxlength=\"400\" class=\"wpcf7-form-control wpcf7-text wpcf7-validates-as-required\" aria-required=\"true\" aria-invalid=\"false\" value=\"\" type=\"text\" name=\"Strasse\" \/><\/span> <\/label>\n<\/p>\n<p><label> PLZ Ort (Pflichtfeld)<br \/>\n<span class=\"wpcf7-form-control-wrap\" data-name=\"Ort\"><input size=\"40\" maxlength=\"400\" class=\"wpcf7-form-control wpcf7-text wpcf7-validates-as-required\" aria-required=\"true\" aria-invalid=\"false\" value=\"\" type=\"text\" name=\"Ort\" \/><\/span> <\/label>\n<\/p>\n<p><label> Aktuelle Termine:<br \/>\n<span class=\"wpcf7-form-control-wrap\" data-name=\"Termin-08-12-2017\"><span class=\"wpcf7-form-control wpcf7-checkbox wpcf7-validates-as-required\"><span class=\"wpcf7-list-item first last\"><label><span class=\"wpcf7-list-item-label\">08.12.2017<\/span><input type=\"checkbox\" name=\"Termin-08-12-2017[]\" value=\"08.12.2017\" \/><\/label><\/span><\/span><\/span> <\/label>\n<\/p>\n<p><label> Dein Alter:<br \/>\n<span class=\"wpcf7-form-control-wrap\" data-name=\"number-alter\"><input class=\"wpcf7-form-control wpcf7-number wpcf7-validates-as-number\" min=\"9\" max=\"120\" aria-invalid=\"false\" placeholder=\"9\" value=\"\" type=\"number\" name=\"number-alter\" \/><\/span> <\/label>\n<\/p>\n<p>Evt. Informationen an uns:<br \/>\n<span class=\"wpcf7-form-control-wrap\" data-name=\"textarea-Info\"><textarea cols=\"40\" rows=\"10\" maxlength=\"2000\" class=\"wpcf7-form-control wpcf7-textarea\" aria-invalid=\"false\" name=\"textarea-Info\"><\/textarea><\/span>\n<\/p>\n<p>Ich melde mich f\u00fcr den Workshop verbindlich an!<br \/>\n<span class=\"wpcf7-form-control-wrap\" data-name=\"Verbindliche\"><span class=\"wpcf7-form-control wpcf7-acceptance\"><span class=\"wpcf7-list-item\"><input type=\"checkbox\" name=\"Verbindliche\" value=\"1\" aria-invalid=\"false\" \/><\/span><\/span><\/span>\n<\/p>\n<p><span class=\"wpcf7-form-control-wrap\" data-name=\"random-math-quiz\"><label><span class=\"wpcf7-quiz-label\">Spamschutz: Wieviel ist zehn plus eins? (Bitte Zahl eingeben)<\/span> <input size=\"40\" class=\"wpcf7-form-control wpcf7-quiz\" autocomplete=\"off\" aria-required=\"true\" aria-invalid=\"false\" type=\"text\" name=\"random-math-quiz\" \/><\/label><input type=\"hidden\" name=\"_wpcf7_quiz_answer_random-math-quiz\" value=\"f162dd599fc5bb7181149c146846e0f6\" \/><\/span>\n<\/p>\n<p><span class=\"wpcf7-form-control-wrap\" data-name=\"your-consent\"><span class=\"wpcf7-form-control wpcf7-acceptance\"><span class=\"wpcf7-list-item\"><label><input type=\"checkbox\" name=\"your-consent\" value=\"1\" aria-invalid=\"false\" \/><span class=\"wpcf7-list-item-label\">Mit dem Absenden dieser Email erkl\u00e4re ich mich einverstanden, dass die von mir eingegebenen Daten zum Zwecke der Bearbeitung meiner Anfrage gespeichert bzw. verarbeitet werden d\u00fcrfen. (<a href=\"https:\/\/www.rockverband.de\/2017\/?page_id=478\">Datenschutzbestimmungen<\/a>). Bitte Button anklicken!<br>...<\/span><\/label><\/span><\/span><\/span>\n<\/p>\n<p><span class=\"wpcf7-form-control-wrap\" data-name=\"your-consent\"><span class=\"wpcf7-form-control wpcf7-acceptance\"><span class=\"wpcf7-list-item\"><label><input type=\"checkbox\" name=\"your-consent\" value=\"1\" aria-invalid=\"false\" \/><span class=\"wpcf7-list-item-label\">Mit dem Absenden dieser Email erkl\u00e4re ich mich einverstanden, dass die von mir eingegebenen Daten zum Zwecke der Bearbeitung meiner Anfrage gespeichert bzw. verarbeitet werden d\u00fcrfen. (<a href=\"https:\/\/www.rockverband.de\/2017\/?page_id=478\">Datenschutzbestimmungen<\/a>). Bitte Button anklicken!<br>...<\/span><\/label><\/span><\/span><\/span>\n<\/p>\n<p><input class=\"wpcf7-form-control wpcf7-submit has-spinner\" type=\"submit\" value=\"Senden\" \/>\n<\/p><div class=\"wpcf7-response-output\" aria-hidden=\"true\"><\/div>\n<\/form>\n<\/div>\n\n<p>Das Projekt wird gef\u00f6rdert mit Mittel der Brandenburgischen Gesellschaft f\u00fcr Kultur und Geschichte gGmbH<br \/>\nKulturland Brandenburg \/ Plattform Kulturelle Bildung Brandenburg<\/p>\n<p><a href=\"https:\/\/www.rockverband.de\/2017\/wp-content\/uploads\/2017\/02\/plattform.jpg\"><img loading=\"lazy\" decoding=\"async\" src=\"https:\/\/www.rockverband.de\/2017\/wp-content\/uploads\/2017\/02\/plattform.jpg\" alt=\"\" width=\"240\" height=\"240\" class=\"alignleft size-full wp-image-1250\" srcset=\"https:\/\/www.rockverband.de\/2017\/wp-content\/uploads\/2017\/02\/plattform.jpg 240w, https:\/\/www.rockverband.de\/2017\/wp-content\/uploads\/2017\/02\/plattform-150x150.jpg 150w\" sizes=\"auto, (max-width: 240px) 100vw, 240px\" \/><\/a><\/p>\n<p><a href=\"https:\/\/www.rockverband.de\/2017\/wp-content\/uploads\/2017\/02\/kulturland.jpg\"><img loading=\"lazy\" decoding=\"async\" src=\"https:\/\/www.rockverband.de\/2017\/wp-content\/uploads\/2017\/02\/kulturland.jpg\" alt=\"\" width=\"240\" height=\"240\" class=\"alignleft size-full wp-image-1249\" srcset=\"https:\/\/www.rockverband.de\/2017\/wp-content\/uploads\/2017\/02\/kulturland.jpg 240w, https:\/\/www.rockverband.de\/2017\/wp-content\/uploads\/2017\/02\/kulturland-150x150.jpg 150w\" sizes=\"auto, (max-width: 240px) 100vw, 240px\" \/><\/a><\/p>\n","protected":false},"excerpt":{"rendered":"<p>Im t\u00e4glichen Umgang nutzen Sch\u00fcler Smartphones, I-phones&#8230; f\u00fcr die Kommunikation untereinander. Jeder dritte Deutsche besitzt heute bereits ein Smartphone. Sp\u00e4testens&hellip; <\/p>\n","protected":false},"author":1,"featured_media":774,"parent":0,"menu_order":0,"comment_status":"closed","ping_status":"closed","template":"","meta":{"footnotes":"","_links_to":"","_links_to_target":""},"class_list":["post-101","page","type-page","status-publish","has-post-thumbnail","hentry"],"_links":{"self":[{"href":"https:\/\/www.rockverband.de\/2017\/index.php?rest_route=\/wp\/v2\/pages\/101","targetHints":{"allow":["GET"]}}],"collection":[{"href":"https:\/\/www.rockverband.de\/2017\/index.php?rest_route=\/wp\/v2\/pages"}],"about":[{"href":"https:\/\/www.rockverband.de\/2017\/index.php?rest_route=\/wp\/v2\/types\/page"}],"author":[{"embeddable":true,"href":"https:\/\/www.rockverband.de\/2017\/index.php?rest_route=\/wp\/v2\/users\/1"}],"replies":[{"embeddable":true,"href":"https:\/\/www.rockverband.de\/2017\/index.php?rest_route=%2Fwp%2Fv2%2Fcomments&post=101"}],"version-history":[{"count":10,"href":"https:\/\/www.rockverband.de\/2017\/index.php?rest_route=\/wp\/v2\/pages\/101\/revisions"}],"predecessor-version":[{"id":1293,"href":"https:\/\/www.rockverband.de\/2017\/index.php?rest_route=\/wp\/v2\/pages\/101\/revisions\/1293"}],"wp:featuredmedia":[{"embeddable":true,"href":"https:\/\/www.rockverband.de\/2017\/index.php?rest_route=\/wp\/v2\/media\/774"}],"wp:attachment":[{"href":"https:\/\/www.rockverband.de\/2017\/index.php?rest_route=%2Fwp%2Fv2%2Fmedia&parent=101"}],"curies":[{"name":"wp","href":"https:\/\/api.w.org\/{rel}","templated":true}]}}