{"id":100,"date":"2017-02-20T15:26:59","date_gmt":"2017-02-20T14:26:59","guid":{"rendered":"http:\/\/localhost\/wordpress\/event\/?page_id=100"},"modified":"2017-03-02T14:54:06","modified_gmt":"2017-03-02T13:54:06","slug":"christopher-akin","status":"publish","type":"page","link":"https:\/\/www.rockverband.de\/2017\/?page_id=100","title":{"rendered":"Festival Frankfurt Oder"},"content":{"rendered":"<p><a href=\"http:\/\/www.rockverband.de\/2017\/wp-content\/uploads\/2017\/02\/IMAG00666.jpg\"><img loading=\"lazy\" decoding=\"async\" src=\"http:\/\/www.rockverband.de\/2017\/wp-content\/uploads\/2017\/02\/IMAG00666.jpg\" alt=\"\" width=\"1500\" height=\"953\" class=\"alignleft size-full wp-image-1117\" srcset=\"https:\/\/www.rockverband.de\/2017\/wp-content\/uploads\/2017\/02\/IMAG00666.jpg 1500w, https:\/\/www.rockverband.de\/2017\/wp-content\/uploads\/2017\/02\/IMAG00666-300x191.jpg 300w, https:\/\/www.rockverband.de\/2017\/wp-content\/uploads\/2017\/02\/IMAG00666-768x488.jpg 768w, https:\/\/www.rockverband.de\/2017\/wp-content\/uploads\/2017\/02\/IMAG00666-1024x651.jpg 1024w\" sizes=\"auto, (max-width: 1500px) 100vw, 1500px\" \/><\/a><a href=\"http:\/\/www.rockverband.de\/2017\/wp-content\/uploads\/2017\/02\/02.jpg\"><img loading=\"lazy\" decoding=\"async\" src=\"http:\/\/www.rockverband.de\/2017\/wp-content\/uploads\/2017\/02\/02-300x169.jpg\" alt=\"\" width=\"300\" height=\"169\" class=\"alignright size-medium wp-image-1118\" srcset=\"https:\/\/www.rockverband.de\/2017\/wp-content\/uploads\/2017\/02\/02-300x169.jpg 300w, https:\/\/www.rockverband.de\/2017\/wp-content\/uploads\/2017\/02\/02-768x432.jpg 768w, https:\/\/www.rockverband.de\/2017\/wp-content\/uploads\/2017\/02\/02-1024x576.jpg 1024w, https:\/\/www.rockverband.de\/2017\/wp-content\/uploads\/2017\/02\/02.jpg 1280w\" sizes=\"auto, (max-width: 300px) 100vw, 300px\" \/><\/a>Seit vier Jahren f\u00fchrt der BRV in Kooperation mit der Stadt Frankfurt (Oder) ein kleines Festival im Rahmen des &#8222;Bunten Herings&#8220; in der Frankfurter Innenstadt durch. Die BRV B\u00fchne steht direkt auf der Nordseite des Rathauses. Hier bieten wir neben Animatiosprogrammen f\u00fcr Kinder und Jugendliche ein breites kulturelles Programm. Sowohl Tanzgruppen, Theaterprojekte wi auch Musikgruppen bereichern das Programm tags\u00fcber. <\/p>\n<p>Ab 18:00 Uhr steht die B\u00fchne jedoch Newcomerprojekten der Popularmusik offen. In den letzeten Jahren soieleten hier &#8222;Meine&#8220;, &#8222;John Apart&#8220;, &#8222;Paul St\u00f6her &#038; Band&#8220;, &#8222;Max &#038; the Bash&#8220;,  Robby Schulze, &#8222;The Emma Project&#8220;, &#8222;Lore en&#8220; uvm.. <\/p>\n<p>H\u00f6hepunkt ist der Liveslot auf der Hauptb\u00fchne (Stadtwerkeb\u00fchne) als Haedlinervorband des BRV. <\/p>\n","protected":false},"excerpt":{"rendered":"<p>Seit vier Jahren f\u00fchrt der BRV in Kooperation mit der Stadt Frankfurt (Oder) ein kleines Festival im Rahmen des &#8222;Bunten&hellip; <\/p>\n","protected":false},"author":1,"featured_media":772,"parent":0,"menu_order":0,"comment_status":"closed","ping_status":"closed","template":"","meta":{"footnotes":"","_links_to":"","_links_to_target":""},"class_list":["post-100","page","type-page","status-publish","has-post-thumbnail","hentry"],"_links":{"self":[{"href":"https:\/\/www.rockverband.de\/2017\/index.php?rest_route=\/wp\/v2\/pages\/100","targetHints":{"allow":["GET"]}}],"collection":[{"href":"https:\/\/www.rockverband.de\/2017\/index.php?rest_route=\/wp\/v2\/pages"}],"about":[{"href":"https:\/\/www.rockverband.de\/2017\/index.php?rest_route=\/wp\/v2\/types\/page"}],"author":[{"embeddable":true,"href":"https:\/\/www.rockverband.de\/2017\/index.php?rest_route=\/wp\/v2\/users\/1"}],"replies":[{"embeddable":true,"href":"https:\/\/www.rockverband.de\/2017\/index.php?rest_route=%2Fwp%2Fv2%2Fcomments&post=100"}],"version-history":[{"count":6,"href":"https:\/\/www.rockverband.de\/2017\/index.php?rest_route=\/wp\/v2\/pages\/100\/revisions"}],"predecessor-version":[{"id":1122,"href":"https:\/\/www.rockverband.de\/2017\/index.php?rest_route=\/wp\/v2\/pages\/100\/revisions\/1122"}],"wp:featuredmedia":[{"embeddable":true,"href":"https:\/\/www.rockverband.de\/2017\/index.php?rest_route=\/wp\/v2\/media\/772"}],"wp:attachment":[{"href":"https:\/\/www.rockverband.de\/2017\/index.php?rest_route=%2Fwp%2Fv2%2Fmedia&parent=100"}],"curies":[{"name":"wp","href":"https:\/\/api.w.org\/{rel}","templated":true}]}}